{"id":904,"date":"2024-03-21T13:19:59","date_gmt":"2024-03-21T16:19:59","guid":{"rendered":"https:\/\/chaos-variete.com\/?page_id=904"},"modified":"2024-12-16T17:35:05","modified_gmt":"2024-12-16T20:35:05","slug":"datenschutzerklarung","status":"publish","type":"page","link":"https:\/\/chaos-variete.com\/index.php\/datenschutzerklarung\/","title":{"rendered":"Datenschutzerkl\u00e4rung"},"content":{"rendered":"\t\t<div data-elementor-type=\"wp-page\" data-elementor-id=\"904\" class=\"elementor elementor-904\">\n\t\t\t\t<div class=\"elementor-element elementor-element-787d78c e-flex e-con-boxed e-con e-parent\" data-id=\"787d78c\" data-element_type=\"container\">\n\t\t\t\t\t<div class=\"e-con-inner\">\n\t\t<div class=\"elementor-element elementor-element-d77c49b e-con-full e-flex e-con e-child\" data-id=\"d77c49b\" data-element_type=\"container\">\n\t\t<div class=\"elementor-element elementor-element-2707640 e-flex e-con-boxed e-con e-child\" data-id=\"2707640\" data-element_type=\"container\">\n\t\t\t\t\t<div class=\"e-con-inner\">\n\t\t\t\t<div class=\"elementor-element elementor-element-99a8b87 elementor-align-right elementor-fixed elementor-widget elementor-widget-button\" data-id=\"99a8b87\" data-element_type=\"widget\" data-settings=\"{&quot;_position&quot;:&quot;fixed&quot;}\" data-widget_type=\"button.default\">\n\t\t\t\t<div class=\"elementor-widget-container\">\n\t\t\t\t\t\t\t<div class=\"elementor-button-wrapper\">\n\t\t\t\t\t<a class=\"elementor-button elementor-button-link elementor-size-xs\" href=\"https:\/\/chaos-variete.com\/\">\n\t\t\t\t\t\t<span class=\"elementor-button-content-wrapper\">\n\t\t\t\t\t\t<span class=\"elementor-button-icon\">\n\t\t\t\t<svg aria-hidden=\"true\" class=\"e-font-icon-svg e-fas-backward\" viewBox=\"0 0 512 512\" xmlns=\"http:\/\/www.w3.org\/2000\/svg\"><path d=\"M11.5 280.6l192 160c20.6 17.2 52.5 2.8 52.5-24.6V96c0-27.4-31.9-41.8-52.5-24.6l-192 160c-15.3 12.8-15.3 36.4 0 49.2zm256 0l192 160c20.6 17.2 52.5 2.8 52.5-24.6V96c0-27.4-31.9-41.8-52.5-24.6l-192 160c-15.3 12.8-15.3 36.4 0 49.2z\"><\/path><\/svg>\t\t\t<\/span>\n\t\t\t\t\t\t\t\t<\/span>\n\t\t\t\t\t<\/a>\n\t\t\t\t<\/div>\n\t\t\t\t\t\t<\/div>\n\t\t\t\t<\/div>\n\t\t\t\t<div class=\"elementor-element elementor-element-518023f elementor-widget__width-initial elementor-widget elementor-widget-text-editor\" data-id=\"518023f\" data-element_type=\"widget\" data-widget_type=\"text-editor.default\">\n\t\t\t\t<div class=\"elementor-widget-container\">\n\t\t\t\t\t\t\t<h3 data-pm-slice=\"1 1 []\">Datenschutzerkl\u00e4rung<\/h3><p><strong>G\u00fcltig ab: <span class=\"HwtZe\" lang=\"de\"><span class=\"jCAhz ChMk0b\"><span class=\"ryNqvb\">Dezember 2024<\/span><\/span><\/span><br \/><\/strong><\/p><p>Bei <em>Chaos Variet\u00e9<\/em>, erreichbar unter <a href=\"https:\/\/chaos-variete.com\/\">https:\/\/chaos-variete.com\/<\/a>, ist der Schutz der Privatsph\u00e4re unserer Besucher von h\u00f6chster Bedeutung. Diese Datenschutzrichtlinie beschreibt, wie wir Ihre personenbezogenen Daten gem\u00e4\u00df der Datenschutz-Grundverordnung (DSGVO) und den geltenden deutschen Datenschutzgesetzen, wie dem Bundesdatenschutzgesetz (BDSG), erheben, nutzen und sch\u00fctzen.<\/p><div><hr \/><\/div><h3>Verantwortlicher f\u00fcr die Datenverarbeitung<\/h3><p><strong>K\u00fcstenkultur GbR<\/strong>\\<br \/>Zum Bornkoppelweg 41\\<br \/>18184 Roggentin, Deutschland\\<br \/>E-Mail: <a>info@kuestenkultur.com<\/a><\/p><p>Bei Fragen zu dieser Datenschutzrichtlinie k\u00f6nnen Sie uns unter der angegebenen E-Mail-Adresse kontaktieren.<\/p><div><hr \/><\/div><h3>Erhobene Daten und ihre Verwendung<\/h3><h4>1. <strong>Automatisch erhobene Daten<\/strong><\/h4><p>Beim Besuch unserer Website werden automatisch bestimmte Informationen erhoben:<\/p><ul data-spread=\"false\"><li><p>IP-Adresse<\/p><\/li><li><p>Browsertyp<\/p><\/li><li><p>Besuchte Seiten<\/p><\/li><li><p>Datum und Uhrzeit des Zugriffs<\/p><\/li><li><p>Betriebssystem<\/p><\/li><\/ul><p>Diese Informationen werden zu Analyse- und Sicherheitszwecken erhoben. Notwendige Cookies stellen die ordnungsgem\u00e4\u00dfe Funktion der Website sicher.<\/p><h4>2. <strong>Freiwillig bereitgestellte Daten<\/strong><\/h4><p>Sie k\u00f6nnen uns personenbezogene Daten zur Verf\u00fcgung stellen, indem Sie mit den folgenden Schaltfl\u00e4chen interagieren:<\/p><ul data-spread=\"false\"><li><p>WhatsApp-Schaltfl\u00e4che\\<\/p><\/li><li><p>E-Mail-Versand-Schaltfl\u00e4che\\<\/p><\/li><li><p>Schaltfl\u00e4chen, die zu unseren Seiten auf Instagram und Facebook f\u00fchren<\/p><\/li><\/ul><p>Bitte beachten Sie, dass Sie durch die Nutzung dieser Dienste Ihre Daten direkt mit den jeweiligen Plattformen teilen. Lesen Sie deren Datenschutzrichtlinien, um mehr zu erfahren.<\/p><h4>3. <strong>Inhalte von Drittanbietern: YouTube<\/strong><\/h4><p>Wir haben YouTube-Videos im &#8220;erweiterten Datenschutzmodus&#8221; eingebettet. Bitte beachten Sie jedoch, dass YouTube beim Interagieren mit diesen Videos Daten f\u00fcr eigene Zwecke erheben kann. Dazu geh\u00f6ren Werbe-Cookies, wie sie in unserem Cookie-Banner aufgef\u00fchrt sind.<\/p><div><hr \/><\/div><h3>Cookies<\/h3><p>Unsere Website verwendet notwendige, funktionale und Werbe-Cookies. Diese Cookies werden \u00fcber das CookieYes-Plugin kategorisiert und verwaltet:<\/p><ul data-spread=\"false\"><li><p><strong>Notwendige Cookies<\/strong>: Stellen die grundlegende Funktionalit\u00e4t der Website sicher.<\/p><\/li><li><p><strong>Funktionale Cookies<\/strong>: Verbessern Ihre Benutzererfahrung auf der Website.<\/p><\/li><li><p><strong>Werbe-Cookies<\/strong>: Verbunden mit YouTube-Videos.<\/p><\/li><\/ul><p>Sie k\u00f6nnen Ihre Cookie-Einstellungen \u00fcber den Cookie-Banner oder die Einstellungen Ihres Browsers verwalten.<\/p><div><hr \/><\/div><h3>Rechtsgrundlage f\u00fcr die Datenverarbeitung<\/h3><p>Die Verarbeitung Ihrer Daten erfolgt auf der Grundlage der folgenden Rechtsgrundlagen gem\u00e4\u00df Art. 6 DSGVO:<\/p><ul data-spread=\"false\"><li><p><strong>Einwilligung (Art. 6.1.a)<\/strong>: F\u00fcr nicht essentielle Cookies und Drittanbieter-Schaltfl\u00e4chen.<\/p><\/li><li><p><strong>Berechtigte Interessen (Art. 6.1.f)<\/strong>: Zur Gew\u00e4hrleistung der Sicherheit und Funktionalit\u00e4t der Website.<\/p><\/li><\/ul><div><hr \/><\/div><h3>Datenweitergabe an Dritte<\/h3><p>Wir verkaufen oder vermieten Ihre personenbezogenen Daten nicht. Wir teilen Ihre Daten jedoch mit:<\/p><ul data-spread=\"false\"><li><p><strong>Hostinger<\/strong>: Unserem Hosting-Anbieter. Die Server befinden sich in der Europ\u00e4ischen Union.<\/p><\/li><li><p><strong>Drittanbieter-Plattformen<\/strong>: WhatsApp, Instagram, Facebook und YouTube.<\/p><\/li><\/ul><p>Bitte lesen Sie die Datenschutzrichtlinien dieser Plattformen, um zu verstehen, wie Ihre Daten verarbeitet werden.<\/p><div><hr \/><\/div><h3>Ihre Rechte<\/h3><p>Gem\u00e4\u00df der DSGVO haben Sie die folgenden Rechte in Bezug auf Ihre personenbezogenen Daten:<\/p><ol start=\"1\" data-spread=\"false\"><li><p><strong>Auskunft (Art. 15)<\/strong>: Fordern Sie eine Kopie der \u00fcber Sie gespeicherten Daten an.<\/p><\/li><li><p><strong>Berichtigung (Art. 16)<\/strong>: Lassen Sie ungenaue oder unvollst\u00e4ndige Daten korrigieren.<\/p><\/li><li><p><strong>L\u00f6schung (Art. 17)<\/strong>: Verlangen Sie die L\u00f6schung Ihrer Daten, sofern keine rechtlichen Verpflichtungen entgegenstehen.<\/p><\/li><li><p><strong>Einschr\u00e4nkung der Verarbeitung (Art. 18)<\/strong>: Beschr\u00e4nken Sie die Nutzung Ihrer Daten.<\/p><\/li><li><p><strong>Daten\u00fcbertragbarkeit (Art. 20)<\/strong>: Erhalten Sie Ihre Daten in einem strukturierten und \u00fcbertragbaren Format.<\/p><\/li><li><p><strong>Widerspruch (Art. 21)<\/strong>: Widersprechen Sie der Verarbeitung Ihrer Daten aus berechtigten Interessen.<\/p><\/li><\/ol><p>Um Ihre Rechte auszu\u00fcben, senden Sie eine Anfrage an <a>info@kuestenkultur.com<\/a>. Sie k\u00f6nnen auch eine Beschwerde bei der zust\u00e4ndigen Datenschutzbeh\u00f6rde in Deutschland einreichen.<\/p><div><hr \/><\/div><h3>Sicherheit Ihrer Daten<\/h3><p>Wir setzen technische und organisatorische Ma\u00dfnahmen ein, um Ihre Daten vor unbefugtem Zugriff, Verlust oder Ver\u00e4nderung zu sch\u00fctzen. Unsere Website verwendet sichere Verbindungen (HTTPS) und aktuelle Tools, um Risiken zu minimieren.<\/p><div><hr \/><\/div><h3>\u00c4nderungen dieser Datenschutzrichtlinie<\/h3><p>Wir behalten uns das Recht vor, diese Datenschutzrichtlinie jederzeit zu \u00e4ndern. \u00c4nderungen werden auf dieser Seite mit einem neuen G\u00fcltigkeitsdatum ver\u00f6ffentlicht.<\/p><div><hr \/><\/div><p><strong>Kontakt<\/strong>\\<br \/>F\u00fcr Fragen oder Bedenken kontaktieren Sie uns unter: <a>info@kuestenkultur.com<\/a><\/p>\t\t\t\t\t\t<\/div>\n\t\t\t\t<\/div>\n\t\t\t\t<div class=\"elementor-element elementor-element-6dc6c0e elementor-align-right elementor-widget__width-initial elementor-widget elementor-widget-button\" data-id=\"6dc6c0e\" data-element_type=\"widget\" data-widget_type=\"button.default\">\n\t\t\t\t<div class=\"elementor-widget-container\">\n\t\t\t\t\t\t\t<div class=\"elementor-button-wrapper\">\n\t\t\t\t\t<a class=\"elementor-button elementor-button-link elementor-size-sm\" href=\"https:\/\/chaos-variete.com\/\">\n\t\t\t\t\t\t<span class=\"elementor-button-content-wrapper\">\n\t\t\t\t\t\t<span class=\"elementor-button-icon\">\n\t\t\t\t<svg aria-hidden=\"true\" class=\"e-font-icon-svg e-fas-backward\" viewBox=\"0 0 512 512\" xmlns=\"http:\/\/www.w3.org\/2000\/svg\"><path d=\"M11.5 280.6l192 160c20.6 17.2 52.5 2.8 52.5-24.6V96c0-27.4-31.9-41.8-52.5-24.6l-192 160c-15.3 12.8-15.3 36.4 0 49.2zm256 0l192 160c20.6 17.2 52.5 2.8 52.5-24.6V96c0-27.4-31.9-41.8-52.5-24.6l-192 160c-15.3 12.8-15.3 36.4 0 49.2z\"><\/path><\/svg>\t\t\t<\/span>\n\t\t\t\t\t\t\t\t\t<span class=\"elementor-button-text\">Hauptseite<\/span>\n\t\t\t\t\t<\/span>\n\t\t\t\t\t<\/a>\n\t\t\t\t<\/div>\n\t\t\t\t\t\t<\/div>\n\t\t\t\t<\/div>\n\t\t\t\t<div class=\"elementor-element elementor-element-8b4976e elementor-widget__width-initial animated-fast elementor-invisible elementor-widget elementor-widget-image\" data-id=\"8b4976e\" data-element_type=\"widget\" data-settings=\"{&quot;_animation&quot;:&quot;bounceInUp&quot;,&quot;_animation_delay&quot;:500}\" data-widget_type=\"image.default\">\n\t\t\t\t<div class=\"elementor-widget-container\">\n\t\t\t\t\t\t\t\t\t\t\t\t\t<img fetchpriority=\"high\" decoding=\"async\" width=\"450\" height=\"272\" src=\"https:\/\/chaos-variete.com\/wp-content\/uploads\/2024\/03\/malabares-450px.jpg\" class=\"attachment-large size-large wp-image-926\" alt=\"\" srcset=\"https:\/\/chaos-variete.com\/wp-content\/uploads\/2024\/03\/malabares-450px.jpg 450w, https:\/\/chaos-variete.com\/wp-content\/uploads\/2024\/03\/malabares-450px-300x181.jpg 300w\" sizes=\"(max-width: 450px) 100vw, 450px\" \/>\t\t\t\t\t\t\t\t\t\t\t\t\t<\/div>\n\t\t\t\t<\/div>\n\t\t\t\t\t<\/div>\n\t\t\t\t<\/div>\n\t\t\t\t<\/div>\n\t\t\t\t\t<\/div>\n\t\t\t\t<\/div>\n\t\t\t\t<\/div>\n\t\t","protected":false},"excerpt":{"rendered":"<p>Datenschutzerkl\u00e4rung G\u00fcltig ab: Dezember 2024 Bei Chaos Variet\u00e9, erreichbar unter https:\/\/chaos-variete.com\/, ist der Schutz der Privatsph\u00e4re unserer Besucher von h\u00f6chster Bedeutung. Diese Datenschutzrichtlinie beschreibt, wie wir Ihre personenbezogenen Daten gem\u00e4\u00df der Datenschutz-Grundverordnung (DSGVO) und den geltenden deutschen Datenschutzgesetzen, wie dem Bundesdatenschutzgesetz (BDSG), erheben, nutzen und sch\u00fctzen. Verantwortlicher f\u00fcr die Datenverarbeitung K\u00fcstenkultur GbRZum Bornkoppelweg 4118184 Roggentin, &#8230; <a title=\"Datenschutzerkl\u00e4rung\" class=\"read-more\" href=\"https:\/\/chaos-variete.com\/index.php\/datenschutzerklarung\/\" aria-label=\"Leer m\u00e1s sobre Datenschutzerkl\u00e4rung\">Leer m\u00e1s<\/a><\/p>\n","protected":false},"author":1,"featured_media":0,"parent":0,"menu_order":0,"comment_status":"closed","ping_status":"closed","template":"","meta":{"footnotes":""},"yoast_head":"<!-- This site is optimized with the Yoast SEO plugin v23.0 - https:\/\/yoast.com\/wordpress\/plugins\/seo\/ -->\n<title>Datenschutzerkl\u00e4rung &#8226; Chaos Variet\u00e9<\/title>\n<meta name=\"robots\" content=\"index, follow, max-snippet:-1, max-image-preview:large, max-video-preview:-1\" \/>\n<link rel=\"canonical\" href=\"https:\/\/chaos-variete.com\/index.php\/datenschutzerklarung\/\" \/>\n<meta property=\"og:locale\" content=\"es_ES\" \/>\n<meta property=\"og:type\" content=\"article\" \/>\n<meta property=\"og:title\" content=\"Datenschutzerkl\u00e4rung &#8226; Chaos Variet\u00e9\" \/>\n<meta property=\"og:description\" content=\"Datenschutzerkl\u00e4rung G\u00fcltig ab: Dezember 2024 Bei Chaos Variet\u00e9, erreichbar unter https:\/\/chaos-variete.com\/, ist der Schutz der Privatsph\u00e4re unserer Besucher von h\u00f6chster Bedeutung. Diese Datenschutzrichtlinie beschreibt, wie wir Ihre personenbezogenen Daten gem\u00e4\u00df der Datenschutz-Grundverordnung (DSGVO) und den geltenden deutschen Datenschutzgesetzen, wie dem Bundesdatenschutzgesetz (BDSG), erheben, nutzen und sch\u00fctzen. Verantwortlicher f\u00fcr die Datenverarbeitung K\u00fcstenkultur GbRZum Bornkoppelweg 4118184 Roggentin, ... Leer m\u00e1s\" \/>\n<meta property=\"og:url\" content=\"https:\/\/chaos-variete.com\/index.php\/datenschutzerklarung\/\" \/>\n<meta property=\"og:site_name\" content=\"Chaos Variet\u00e9\" \/>\n<meta property=\"article:publisher\" content=\"https:\/\/www.facebook.com\/daschaosvariete\/\" \/>\n<meta property=\"article:modified_time\" content=\"2024-12-16T20:35:05+00:00\" \/>\n<meta property=\"og:image\" content=\"https:\/\/chaos-variete.com\/wp-content\/uploads\/2024\/03\/malabares-450px.jpg\" \/>\n<meta name=\"twitter:card\" content=\"summary_large_image\" \/>\n<meta name=\"twitter:label1\" content=\"Tiempo de lectura\" \/>\n\t<meta name=\"twitter:data1\" content=\"3 minutos\" \/>\n<script type=\"application\/ld+json\" class=\"yoast-schema-graph\">{\"@context\":\"https:\/\/schema.org\",\"@graph\":[{\"@type\":\"WebPage\",\"@id\":\"https:\/\/chaos-variete.com\/index.php\/datenschutzerklarung\/\",\"url\":\"https:\/\/chaos-variete.com\/index.php\/datenschutzerklarung\/\",\"name\":\"Datenschutzerkl\u00e4rung &#8226; Chaos Variet\u00e9\",\"isPartOf\":{\"@id\":\"https:\/\/chaos-variete.com\/#website\"},\"primaryImageOfPage\":{\"@id\":\"https:\/\/chaos-variete.com\/index.php\/datenschutzerklarung\/#primaryimage\"},\"image\":{\"@id\":\"https:\/\/chaos-variete.com\/index.php\/datenschutzerklarung\/#primaryimage\"},\"thumbnailUrl\":\"https:\/\/chaos-variete.com\/wp-content\/uploads\/2024\/03\/malabares-450px.jpg\",\"datePublished\":\"2024-03-21T16:19:59+00:00\",\"dateModified\":\"2024-12-16T20:35:05+00:00\",\"breadcrumb\":{\"@id\":\"https:\/\/chaos-variete.com\/index.php\/datenschutzerklarung\/#breadcrumb\"},\"inLanguage\":\"es-AR\",\"potentialAction\":[{\"@type\":\"ReadAction\",\"target\":[\"https:\/\/chaos-variete.com\/index.php\/datenschutzerklarung\/\"]}]},{\"@type\":\"ImageObject\",\"inLanguage\":\"es-AR\",\"@id\":\"https:\/\/chaos-variete.com\/index.php\/datenschutzerklarung\/#primaryimage\",\"url\":\"https:\/\/chaos-variete.com\/wp-content\/uploads\/2024\/03\/malabares-450px.jpg\",\"contentUrl\":\"https:\/\/chaos-variete.com\/wp-content\/uploads\/2024\/03\/malabares-450px.jpg\",\"width\":450,\"height\":272},{\"@type\":\"BreadcrumbList\",\"@id\":\"https:\/\/chaos-variete.com\/index.php\/datenschutzerklarung\/#breadcrumb\",\"itemListElement\":[{\"@type\":\"ListItem\",\"position\":1,\"name\":\"Inicio\",\"item\":\"https:\/\/chaos-variete.com\/\"},{\"@type\":\"ListItem\",\"position\":2,\"name\":\"Datenschutzerkl\u00e4rung\"}]},{\"@type\":\"WebSite\",\"@id\":\"https:\/\/chaos-variete.com\/#website\",\"url\":\"https:\/\/chaos-variete.com\/\",\"name\":\"Chaos Variet\u00e9\",\"description\":\"Stra\u00dfenshow\",\"publisher\":{\"@id\":\"https:\/\/chaos-variete.com\/#organization\"},\"alternateName\":\"Chaos\",\"potentialAction\":[{\"@type\":\"SearchAction\",\"target\":{\"@type\":\"EntryPoint\",\"urlTemplate\":\"https:\/\/chaos-variete.com\/?s={search_term_string}\"},\"query-input\":\"required name=search_term_string\"}],\"inLanguage\":\"es-AR\"},{\"@type\":\"Organization\",\"@id\":\"https:\/\/chaos-variete.com\/#organization\",\"name\":\"Chaos Variet\u00e9\",\"alternateName\":\"Chaos\",\"url\":\"https:\/\/chaos-variete.com\/\",\"logo\":{\"@type\":\"ImageObject\",\"inLanguage\":\"es-AR\",\"@id\":\"https:\/\/chaos-variete.com\/#\/schema\/logo\/image\/\",\"url\":\"https:\/\/chaos-variete.com\/wp-content\/uploads\/2024\/12\/LOGO-now.jpg\",\"contentUrl\":\"https:\/\/chaos-variete.com\/wp-content\/uploads\/2024\/12\/LOGO-now.jpg\",\"width\":600,\"height\":373,\"caption\":\"Chaos Variet\u00e9\"},\"image\":{\"@id\":\"https:\/\/chaos-variete.com\/#\/schema\/logo\/image\/\"},\"sameAs\":[\"https:\/\/www.facebook.com\/daschaosvariete\/\",\"https:\/\/www.instagram.com\/chaosvariete\"]}]}<\/script>\n<!-- \/ Yoast SEO plugin. -->","yoast_head_json":{"title":"Datenschutzerkl\u00e4rung &#8226; Chaos Variet\u00e9","robots":{"index":"index","follow":"follow","max-snippet":"max-snippet:-1","max-image-preview":"max-image-preview:large","max-video-preview":"max-video-preview:-1"},"canonical":"https:\/\/chaos-variete.com\/index.php\/datenschutzerklarung\/","og_locale":"es_ES","og_type":"article","og_title":"Datenschutzerkl\u00e4rung &#8226; Chaos Variet\u00e9","og_description":"Datenschutzerkl\u00e4rung G\u00fcltig ab: Dezember 2024 Bei Chaos Variet\u00e9, erreichbar unter https:\/\/chaos-variete.com\/, ist der Schutz der Privatsph\u00e4re unserer Besucher von h\u00f6chster Bedeutung. Diese Datenschutzrichtlinie beschreibt, wie wir Ihre personenbezogenen Daten gem\u00e4\u00df der Datenschutz-Grundverordnung (DSGVO) und den geltenden deutschen Datenschutzgesetzen, wie dem Bundesdatenschutzgesetz (BDSG), erheben, nutzen und sch\u00fctzen. Verantwortlicher f\u00fcr die Datenverarbeitung K\u00fcstenkultur GbRZum Bornkoppelweg 4118184 Roggentin, ... Leer m\u00e1s","og_url":"https:\/\/chaos-variete.com\/index.php\/datenschutzerklarung\/","og_site_name":"Chaos Variet\u00e9","article_publisher":"https:\/\/www.facebook.com\/daschaosvariete\/","article_modified_time":"2024-12-16T20:35:05+00:00","og_image":[{"url":"https:\/\/chaos-variete.com\/wp-content\/uploads\/2024\/03\/malabares-450px.jpg"}],"twitter_card":"summary_large_image","twitter_misc":{"Tiempo de lectura":"3 minutos"},"schema":{"@context":"https:\/\/schema.org","@graph":[{"@type":"WebPage","@id":"https:\/\/chaos-variete.com\/index.php\/datenschutzerklarung\/","url":"https:\/\/chaos-variete.com\/index.php\/datenschutzerklarung\/","name":"Datenschutzerkl\u00e4rung &#8226; Chaos Variet\u00e9","isPartOf":{"@id":"https:\/\/chaos-variete.com\/#website"},"primaryImageOfPage":{"@id":"https:\/\/chaos-variete.com\/index.php\/datenschutzerklarung\/#primaryimage"},"image":{"@id":"https:\/\/chaos-variete.com\/index.php\/datenschutzerklarung\/#primaryimage"},"thumbnailUrl":"https:\/\/chaos-variete.com\/wp-content\/uploads\/2024\/03\/malabares-450px.jpg","datePublished":"2024-03-21T16:19:59+00:00","dateModified":"2024-12-16T20:35:05+00:00","breadcrumb":{"@id":"https:\/\/chaos-variete.com\/index.php\/datenschutzerklarung\/#breadcrumb"},"inLanguage":"es-AR","potentialAction":[{"@type":"ReadAction","target":["https:\/\/chaos-variete.com\/index.php\/datenschutzerklarung\/"]}]},{"@type":"ImageObject","inLanguage":"es-AR","@id":"https:\/\/chaos-variete.com\/index.php\/datenschutzerklarung\/#primaryimage","url":"https:\/\/chaos-variete.com\/wp-content\/uploads\/2024\/03\/malabares-450px.jpg","contentUrl":"https:\/\/chaos-variete.com\/wp-content\/uploads\/2024\/03\/malabares-450px.jpg","width":450,"height":272},{"@type":"BreadcrumbList","@id":"https:\/\/chaos-variete.com\/index.php\/datenschutzerklarung\/#breadcrumb","itemListElement":[{"@type":"ListItem","position":1,"name":"Inicio","item":"https:\/\/chaos-variete.com\/"},{"@type":"ListItem","position":2,"name":"Datenschutzerkl\u00e4rung"}]},{"@type":"WebSite","@id":"https:\/\/chaos-variete.com\/#website","url":"https:\/\/chaos-variete.com\/","name":"Chaos Variet\u00e9","description":"Stra\u00dfenshow","publisher":{"@id":"https:\/\/chaos-variete.com\/#organization"},"alternateName":"Chaos","potentialAction":[{"@type":"SearchAction","target":{"@type":"EntryPoint","urlTemplate":"https:\/\/chaos-variete.com\/?s={search_term_string}"},"query-input":"required name=search_term_string"}],"inLanguage":"es-AR"},{"@type":"Organization","@id":"https:\/\/chaos-variete.com\/#organization","name":"Chaos Variet\u00e9","alternateName":"Chaos","url":"https:\/\/chaos-variete.com\/","logo":{"@type":"ImageObject","inLanguage":"es-AR","@id":"https:\/\/chaos-variete.com\/#\/schema\/logo\/image\/","url":"https:\/\/chaos-variete.com\/wp-content\/uploads\/2024\/12\/LOGO-now.jpg","contentUrl":"https:\/\/chaos-variete.com\/wp-content\/uploads\/2024\/12\/LOGO-now.jpg","width":600,"height":373,"caption":"Chaos Variet\u00e9"},"image":{"@id":"https:\/\/chaos-variete.com\/#\/schema\/logo\/image\/"},"sameAs":["https:\/\/www.facebook.com\/daschaosvariete\/","https:\/\/www.instagram.com\/chaosvariete"]}]}},"_links":{"self":[{"href":"https:\/\/chaos-variete.com\/index.php\/wp-json\/wp\/v2\/pages\/904"}],"collection":[{"href":"https:\/\/chaos-variete.com\/index.php\/wp-json\/wp\/v2\/pages"}],"about":[{"href":"https:\/\/chaos-variete.com\/index.php\/wp-json\/wp\/v2\/types\/page"}],"author":[{"embeddable":true,"href":"https:\/\/chaos-variete.com\/index.php\/wp-json\/wp\/v2\/users\/1"}],"replies":[{"embeddable":true,"href":"https:\/\/chaos-variete.com\/index.php\/wp-json\/wp\/v2\/comments?post=904"}],"version-history":[{"count":73,"href":"https:\/\/chaos-variete.com\/index.php\/wp-json\/wp\/v2\/pages\/904\/revisions"}],"predecessor-version":[{"id":1284,"href":"https:\/\/chaos-variete.com\/index.php\/wp-json\/wp\/v2\/pages\/904\/revisions\/1284"}],"wp:attachment":[{"href":"https:\/\/chaos-variete.com\/index.php\/wp-json\/wp\/v2\/media?parent=904"}],"curies":[{"name":"wp","href":"https:\/\/api.w.org\/{rel}","templated":true}]}}